{"id":28,"date":"2024-11-26T20:46:57","date_gmt":"2024-11-27T00:46:57","guid":{"rendered":"https:\/\/naveazuldepindu.com\/?page_id=28"},"modified":"2026-01-07T08:58:59","modified_gmt":"2026-01-07T12:58:59","slug":"principal","status":"publish","type":"page","link":"https:\/\/naveazuldepindu.com\/","title":{"rendered":"Principal"},"content":{"rendered":"\t\t<div data-elementor-type=\"wp-page\" data-elementor-id=\"28\" class=\"elementor elementor-28\" data-elementor-post-type=\"page\">\n\t\t\t\t<div data-particle_enable=\"false\" data-particle-mobile-disabled=\"false\" class=\"elementor-element elementor-element-972fbab e-flex e-con-boxed e-con e-parent\" data-id=\"972fbab\" data-element_type=\"container\">\n\t\t\t\t\t<div class=\"e-con-inner\">\n\t\t\t\t<div class=\"elementor-element elementor-element-99ac58f elementor-widget elementor-widget-slider_revolution\" data-id=\"99ac58f\" data-element_type=\"widget\" data-widget_type=\"slider_revolution.default\">\n\t\t\t\t<div class=\"elementor-widget-container\">\n\t\t\t\t\t\n\t\t<div class=\"wp-block-themepunch-revslider\">\n\t\t\t\t<p class=\"rs-p-wp-fix\"><\/p>\n\t\t\t\t<sr7-module data-alias=\"classic-carousel1\" data-id=\"5\" id=\"SR7_5_1\" class=\"rs-ov-hidden\" data-version=\"6.7.39\">\n\t\t\t\t\t<sr7-adjuster><\/sr7-adjuster>\n\t\t\t\t\t<sr7-content>\n\t\t\t\t\t\t<sr7-carousel>\n\t\t\t\t\t\t<sr7-slide id=\"SR7_5_1-14\" data-key=\"14\">\n\t\t\t\t\t\t\t<sr7-bg id=\"SR7_5_1-14-9\" class=\"sr7-layer\"><noscript><img decoding=\"async\" src=\"https:\/\/naveazuldepindu.com\/wp-content\/uploads\/2026\/01\/60-66-x-80-Collage-LA-NAVE-AZUL-1968-1981.jpg\" alt=\"\" title=\"60 66 x 80 Collage LA NAVE AZUL 1968-1981\"><\/noscript><\/sr7-bg>\n\t\t\t\t\t\t\t<sr7-txt id=\"SR7_5_1-14-1\" class=\"sr7-layer\">Collages<\/sr7-txt>\n\t\t\t\t\t\t\t<sr7-txt id=\"SR7_5_1-14-4\" class=\"sr7-layer\">Un estilo definitivo<\/sr7-txt>\n\t\t\t\t\t\t\t<sr7-txt id=\"SR7_5_1-14-8\" class=\"sr7-layer\"><i class=\"pe-7s-refresh\"><\/i><\/sr7-txt>\n\t\t\t\t\t\t<\/sr7-slide>\n\t\t\t\t\t\t<sr7-slide id=\"SR7_5_1-15\" data-key=\"15\">\n\t\t\t\t\t\t\t<sr7-bg id=\"SR7_5_1-15-14\" class=\"sr7-layer\"><noscript><img decoding=\"async\" src=\"https:\/\/naveazuldepindu.com\/wp-content\/uploads\/2026\/01\/54-32-x-21-56-x-44-dibujo-a-lapiz.jpg\" alt=\"\" title=\"54 32 x 21 &#8211; 56 x 44 dibujo a lapiz\"><\/noscript><\/sr7-bg>\n\t\t\t\t\t\t\t<sr7-txt id=\"SR7_5_1-15-1\" class=\"sr7-layer\">Dibujos<\/sr7-txt>\n\t\t\t\t\t\t\t<sr7-txt id=\"SR7_5_1-15-4\" class=\"sr7-layer\">AIN'T THAT NICE?<\/sr7-txt>\n\t\t\t\t\t\t\t<sr7-txt id=\"SR7_5_1-15-8\" class=\"sr7-layer\"><i class=\"pe-7s-mouse\"><\/i><\/sr7-txt>\n\t\t\t\t\t\t<\/sr7-slide>\n\t\t\t\t\t\t<sr7-slide id=\"SR7_5_1-16\" data-key=\"16\">\n\t\t\t\t\t\t\t<sr7-bg id=\"SR7_5_1-16-10\" class=\"sr7-layer\"><noscript><img decoding=\"async\" src=\"https:\/\/naveazuldepindu.com\/wp-content\/uploads\/2026\/01\/21a.jpg\" alt=\"\" title=\"21a\"><\/noscript><\/sr7-bg>\n\t\t\t\t\t\t\t<sr7-txt id=\"SR7_5_1-16-1\" class=\"sr7-layer\">Offsets<\/sr7-txt>\n\t\t\t\t\t\t\t<sr7-txt id=\"SR7_5_1-16-4\" class=\"sr7-layer\">IN A SMOOTH WAY<\/sr7-txt>\n\t\t\t\t\t\t<\/sr7-slide>\n\t\t\t\t\t\t<sr7-slide id=\"SR7_5_1-18\" data-key=\"18\">\n\t\t\t\t\t\t\t<sr7-bg id=\"SR7_5_1-18-9\" class=\"sr7-layer\"><noscript><img decoding=\"async\" src=\"https:\/\/naveazuldepindu.com\/wp-content\/uploads\/2026\/01\/06c.jpg\" alt=\"\" title=\"06c\"><\/noscript><\/sr7-bg>\n\t\t\t\t\t\t\t<sr7-txt id=\"SR7_5_1-18-1\" class=\"sr7-layer\">Esculturas<\/sr7-txt>\n\t\t\t\t\t\t\t<sr7-txt id=\"SR7_5_1-18-4\" class=\"sr7-layer\">GET SLIDER REVOLUTION TODAY<\/sr7-txt>\n\t\t\t\t\t\t\t<sr7-txt id=\"SR7_5_1-18-8\" class=\"sr7-layer\"><i class=\"pe-7s-diamond\"><\/i><\/sr7-txt>\n\t\t\t\t\t\t<\/sr7-slide>\n\t\t\t\t\t\t<sr7-slide id=\"SR7_5_1-19\" data-key=\"19\">\n\t\t\t\t\t\t<\/sr7-slide>\n\t\t\t\t\t\t<\/sr7-carousel>\n\t\t\t\t\t<\/sr7-content>\n\t\t\t\t\t<image_lists style=\"display:none\">\n\t\t\t\t\t\t<img data-src=\"\/\/naveazuldepindu.com\/wp-content\/uploads\/2026\/01\/60-66-x-80-Collage-LA-NAVE-AZUL-1968-1981.jpg\" data-libid=\"15168\" data-lib=\"medialibrary\" title=\"60 66 x 80 Collage LA NAVE AZUL 1968-1981\" width=\"0\" height=\"0\" data-dbsrc=\"Ly9uYXZlYXp1bGRlcGluZHUuY29tL3dwLWNvbnRlbnQvdXBsb2Fkcy8yMDI2LzAxLzYwLTY2LXgtODAtQ29sbGFnZS1MQS1OQVZFLUFaVUwtMTk2OC0xOTgxLmpwZw==\"\/>\n\t\t\t\t\t\t<img data-src=\"\/\/naveazuldepindu.com\/wp-content\/uploads\/revslider\/classic-carousel1\/blurflake4.png\" data-libid=\"15092\" title=\"blurflake4.png\" width=\"0\" height=\"0\" data-dbsrc=\"Ly9uYXZlYXp1bGRlcGluZHUuY29tL3dwLWNvbnRlbnQvdXBsb2Fkcy9yZXZzbGlkZXIvY2xhc3NpYy1jYXJvdXNlbDEvYmx1cmZsYWtlNC5wbmc=\"\/>\n\t\t\t\t\t\t<img data-src=\"\/\/naveazuldepindu.com\/wp-content\/uploads\/revslider\/classic-carousel1\/blurflake3.png\" data-libid=\"15093\" title=\"blurflake3.png\" width=\"0\" height=\"0\" data-dbsrc=\"Ly9uYXZlYXp1bGRlcGluZHUuY29tL3dwLWNvbnRlbnQvdXBsb2Fkcy9yZXZzbGlkZXIvY2xhc3NpYy1jYXJvdXNlbDEvYmx1cmZsYWtlMy5wbmc=\"\/>\n\t\t\t\t\t\t<img loading=\"lazy\" data-src=\"\/\/naveazuldepindu.com\/wp-content\/uploads\/revslider\/classic-carousel1\/blurflake2.png\" data-libid=\"15094\" title=\"blurflake2.png\" width=\"0\" height=\"0\" data-dbsrc=\"Ly9uYXZlYXp1bGRlcGluZHUuY29tL3dwLWNvbnRlbnQvdXBsb2Fkcy9yZXZzbGlkZXIvY2xhc3NpYy1jYXJvdXNlbDEvYmx1cmZsYWtlMi5wbmc=\"\/>\n\t\t\t\t\t\t<img loading=\"lazy\" data-src=\"\/\/naveazuldepindu.com\/wp-content\/uploads\/revslider\/classic-carousel1\/blurflake1.png\" data-libid=\"15095\" title=\"blurflake1.png\" width=\"0\" height=\"0\" data-dbsrc=\"Ly9uYXZlYXp1bGRlcGluZHUuY29tL3dwLWNvbnRlbnQvdXBsb2Fkcy9yZXZzbGlkZXIvY2xhc3NpYy1jYXJvdXNlbDEvYmx1cmZsYWtlMS5wbmc=\"\/>\n\t\t\t\t\t\t<img loading=\"lazy\" data-src=\"\/\/naveazuldepindu.com\/wp-content\/uploads\/2026\/01\/54-32-x-21-56-x-44-dibujo-a-lapiz.jpg\" data-libid=\"15161\" data-lib=\"medialibrary\" title=\"54 32 x 21 &#8211; 56 x 44 dibujo a lapiz\" width=\"0\" height=\"0\" data-dbsrc=\"Ly9uYXZlYXp1bGRlcGluZHUuY29tL3dwLWNvbnRlbnQvdXBsb2Fkcy8yMDI2LzAxLzU0LTMyLXgtMjEtNTYteC00NC1kaWJ1am8tYS1sYXBpei5qcGc=\"\/>\n\t\t\t\t\t\t<img loading=\"lazy\" data-src=\"\/\/naveazuldepindu.com\/wp-content\/uploads\/2026\/01\/21a.jpg\" data-libid=\"15283\" data-lib=\"medialibrary\" title=\"21a\" width=\"0\" height=\"0\" data-dbsrc=\"Ly9uYXZlYXp1bGRlcGluZHUuY29tL3dwLWNvbnRlbnQvdXBsb2Fkcy8yMDI2LzAxLzIxYS5qcGc=\"\/>\n\t\t\t\t\t\t<img loading=\"lazy\" data-src=\"\/\/naveazuldepindu.com\/wp-content\/uploads\/2026\/01\/06c.jpg\" data-libid=\"15257\" data-lib=\"medialibrary\" title=\"06c\" width=\"0\" height=\"0\" data-dbsrc=\"Ly9uYXZlYXp1bGRlcGluZHUuY29tL3dwLWNvbnRlbnQvdXBsb2Fkcy8yMDI2LzAxLzA2Yy5qcGc=\"\/>\n\t\t\t\t\t<\/image_lists>\n\t\t\t\t<\/sr7-module>\n\t\t\t\t<script>\n\t\t\t\t\tSR7.PMH ??={}; SR7.PMH[\"SR7_5_1\"] = {cn:100,state:false,fn: function() { if (_tpt!==undefined && _tpt.prepareModuleHeight !== undefined) {  _tpt.prepareModuleHeight({id:\"SR7_5_1\",el:[600,600,600,500,400],type:'carousel',shdw:'5',gh:[600,600,600,500,400],gw:[1240,1240,1024,778,480],vpt:['20%&#039;,&#039;20%&#039;,&#039;20%&#039;,&#039;20%&#039;,&#039;20%'],size:{fullWidth:true, fullHeight:false},mh:'0',onh:0,onw:0,bg:{color:'{\"type\":\"solid\",\"orig\":\"#ffffff\",\"string\":\"rgba(255, 255, 255, 1)\"}'},carousel:{pt:'0',pb:'0'},plType:'-1',plColor:'#FFFFFF'});   SR7.PMH[\"SR7_5_1\"].state=true;} else if(SR7.PMH[\"SR7_5_1\"].cn-->0)\tsetTimeout( SR7.PMH[\"SR7_5_1\"].fn,19);}};SR7.PMH[\"SR7_5_1\" ].fn();\n\t\t\t\t<\/script>\n<\/div>\n\n\t\t\t\t\t\t<\/div>\n\t\t\t\t<\/div>\n\t\t\t\t\t<\/div>\n\t\t\t\t<\/div>\n\t\t<div data-particle_enable=\"false\" data-particle-mobile-disabled=\"false\" class=\"elementor-element elementor-element-909d89b e-con-full e-flex elementor-invisible e-con e-parent\" data-id=\"909d89b\" data-element_type=\"container\" data-settings=\"{&quot;background_background&quot;:&quot;classic&quot;,&quot;animation&quot;:&quot;fadeIn&quot;}\">\n\t\t<div data-particle_enable=\"false\" data-particle-mobile-disabled=\"false\" class=\"elementor-element elementor-element-57a1466 e-con-full e-flex e-con e-child\" data-id=\"57a1466\" data-element_type=\"container\">\n\t\t\t\t<div class=\"elementor-element elementor-element-bcb7a59 elementor-invisible elementor-widget elementor-widget-image\" data-id=\"bcb7a59\" data-element_type=\"widget\" data-settings=\"{&quot;_animation&quot;:&quot;fadeIn&quot;}\" data-widget_type=\"image.default\">\n\t\t\t\t<div class=\"elementor-widget-container\">\n\t\t\t\t\t\t\t\t\t\t\t\t\t\t\t<img loading=\"lazy\" decoding=\"async\" width=\"677\" height=\"1024\" src=\"https:\/\/naveazuldepindu.com\/wp-content\/uploads\/2026\/01\/vert_felix02-677x1024.jpg\" class=\"attachment-large size-large wp-image-15321\" alt=\"\" srcset=\"https:\/\/naveazuldepindu.com\/wp-content\/uploads\/2026\/01\/vert_felix02-677x1024.jpg 677w, https:\/\/naveazuldepindu.com\/wp-content\/uploads\/2026\/01\/vert_felix02-198x300.jpg 198w, https:\/\/naveazuldepindu.com\/wp-content\/uploads\/2026\/01\/vert_felix02-768x1162.jpg 768w, https:\/\/naveazuldepindu.com\/wp-content\/uploads\/2026\/01\/vert_felix02-600x908.jpg 600w, https:\/\/naveazuldepindu.com\/wp-content\/uploads\/2026\/01\/vert_felix02.jpg 770w\" sizes=\"(max-width: 677px) 100vw, 677px\" \/>\t\t\t\t\t\t\t\t\t\t\t\t\t\t\t<\/div>\n\t\t\t\t<\/div>\n\t\t\t\t<\/div>\n\t\t<div data-particle_enable=\"false\" data-particle-mobile-disabled=\"false\" class=\"elementor-element elementor-element-4222fa2 e-con-full e-flex e-con e-child\" data-id=\"4222fa2\" data-element_type=\"container\">\n\t\t\t\t<div class=\"elementor-element elementor-element-52f570c elementor-widget elementor-widget-heading\" data-id=\"52f570c\" data-element_type=\"widget\" data-widget_type=\"heading.default\">\n\t\t\t\t<div class=\"elementor-widget-container\">\n\t\t\t\t\t<h2 class=\"elementor-heading-title elementor-size-default\">Dos dibujos \/Dos naves \/ La rueda<\/h2>\t\t\t\t<\/div>\n\t\t\t\t<\/div>\n\t\t\t\t<div class=\"elementor-element elementor-element-bc0dbbc elementor-widget__width-initial animated-slow elementor-invisible elementor-widget elementor-widget-text-editor\" data-id=\"bc0dbbc\" data-element_type=\"widget\" data-settings=\"{&quot;_animation&quot;:&quot;fadeInRight&quot;}\" data-widget_type=\"text-editor.default\">\n\t\t\t\t<div class=\"elementor-widget-container\">\n\t\t\t\t\t\t\t\t\t<p>Mi proyecto nace de una denominaci\u00f3n muy especial en la trayectoria del dibujo de Jenaro. En el momento de reconstruye las cientos de impresiones offset sobre las arcas.<\/p><p>El los cort\u00f3, los cercena y los vuelve a unir en forma de collage, perfectamente adheridos artesanalmente, con una pulcritud exacta, que olvida que son parte de otros, parte otras arcas. Ella es la <em><strong>Nave Azul,<\/strong><\/em> la nave misteriosa, la nueva m\u00e1quina del tiempo.<\/p><p>La <strong>Nave Azul<\/strong> es la nueva m\u00e1quina de Jenaro.<br \/>Tambi\u00e9n es el nombre de mi colecci\u00f3n.<\/p><p>Los dibujo de manera completa tal como una interpretaci\u00f3n de una opera prima. El sabor del grafito texturiza los suaves trazos de tinta de Jenaro, y luego de esa exacta interpretaci\u00f3n viene el agua y el rodillo y como una tormenta de viento arrastra el polvo del grafito convirtiendo en niebla gris la poderosa m\u00e1quina del tiempo.<\/p><p>Tambi\u00e9n experimenta im\u00e1genes en offset totalmente fusionadas en t\u00e9cnicas gr\u00e1ficas, no como sus grabados con trazos suaves.<\/p><p>Esta <em><strong>Nave Azul<\/strong><\/em>, nueva m\u00e1quina, nueva nave del tiempo es mi principal fuente de energ\u00eda para seguir investigando la obra de Jenaro. Una nave, una m\u00e1quina, una rueda, un reloj y un color. Un azul \u00fanico, \u00f3xido, un cielo o una atm\u00f3sfera absoluta de esperanza.<\/p><p>\u00a0<\/p><p><strong>Junio\/2019<\/strong><\/p>\t\t\t\t\t\t\t\t<\/div>\n\t\t\t\t<\/div>\n\t\t\t\t<\/div>\n\t\t\t\t<\/div>\n\t\t<div data-particle_enable=\"false\" data-particle-mobile-disabled=\"false\" class=\"elementor-element elementor-element-7040225 e-con-full e-flex e-con e-parent\" data-id=\"7040225\" data-element_type=\"container\">\n\t\t\t\t<div class=\"elementor-element elementor-element-c08bbaa elementor-widget elementor-widget-spacer\" data-id=\"c08bbaa\" data-element_type=\"widget\" data-widget_type=\"spacer.default\">\n\t\t\t\t<div class=\"elementor-widget-container\">\n\t\t\t\t\t\t\t<div class=\"elementor-spacer\">\n\t\t\t<div class=\"elementor-spacer-inner\"><\/div>\n\t\t<\/div>\n\t\t\t\t\t\t<\/div>\n\t\t\t\t<\/div>\n\t\t\t\t<\/div>\n\t\t<div data-particle_enable=\"false\" data-particle-mobile-disabled=\"false\" class=\"elementor-element elementor-element-56f7132 e-flex e-con-boxed e-con e-parent\" data-id=\"56f7132\" data-element_type=\"container\" data-settings=\"{&quot;background_background&quot;:&quot;classic&quot;}\">\n\t\t\t\t\t<div class=\"e-con-inner\">\n\t\t<div data-particle_enable=\"false\" data-particle-mobile-disabled=\"false\" class=\"elementor-element elementor-element-77fdfa2 e-con-full animated-slow e-flex elementor-invisible e-con e-child\" data-id=\"77fdfa2\" data-element_type=\"container\" data-settings=\"{&quot;animation&quot;:&quot;fadeInLeft&quot;}\">\n\t\t\t\t<div class=\"elementor-element elementor-element-68fea94 eael-flipbox-content-align-center elementor-widget elementor-widget-eael-flip-box\" data-id=\"68fea94\" data-element_type=\"widget\" data-widget_type=\"eael-flip-box.default\">\n\t\t\t\t<div class=\"elementor-widget-container\">\n\t\t\t\t\t        <div class=\"eael-elements-flip-box-container eael-animate-flip eael-animate-left eael-content eael-flip-box-hover eael-flipbox-fixed-height eael-flipbox-dynamic\">\n\n            <div class=\"eael-elements-flip-box-flip-card\">\n                <div class=\"eael-elements-flip-box-front-container\">\n                    \n                    \n                        <div class=\"eael-elements-slider-display-table\">\n                            <div class=\"eael-elements-flip-box-vertical-align\">\n                                <div class=\"eael-elements-flip-box-padding\">\n                                    <div class=\"eael-elements-flip-box-icon-image\">\n                                                                            <\/div>\n                                    <h3 class=\"eael-elements-flip-box-heading\">Jenaro Pind\u00fa<\/h3>                                    <div class=\"eael-elements-flip-box-content\">\n\t                                                                        <\/div>\n                                <\/div>\n                            <\/div>\n                        <\/div>\n                                    <\/div>\n\n                <div class=\"eael-elements-flip-box-rear-container\">\n                                                                <div class=\"eael-elements-slider-display-table\">\n                            <div class=\"eael-elements-flip-box-vertical-align\">\n                                <div class=\"eael-elements-flip-box-padding\">\n                                                                                                            <h3 class=\"eael-elements-flip-box-heading\">Biograf\u00eda<\/h3>\n                                                                        <div class=\"eael-elements-flip-box-content\">\n                                                                            <\/div>\n\n                                                                    <\/div>\n                            <\/div>\n                        <\/div>\n                                    <\/div>\n            <\/div>\n        <\/div>\n        \t\t\t\t<\/div>\n\t\t\t\t<\/div>\n\t\t\t\t<\/div>\n\t\t<div data-particle_enable=\"false\" data-particle-mobile-disabled=\"false\" class=\"elementor-element elementor-element-de4f2ef e-con-full animated-slow e-flex elementor-invisible e-con e-child\" data-id=\"de4f2ef\" data-element_type=\"container\" data-settings=\"{&quot;animation&quot;:&quot;fadeInLeft&quot;}\">\n\t\t\t\t<div class=\"elementor-element elementor-element-e315d4b eael-flipbox-content-align-center elementor-widget elementor-widget-eael-flip-box\" data-id=\"e315d4b\" data-element_type=\"widget\" data-widget_type=\"eael-flip-box.default\">\n\t\t\t\t<div class=\"elementor-widget-container\">\n\t\t\t\t\t        <div class=\"eael-elements-flip-box-container eael-animate-flip eael-animate-left eael-content eael-flip-box-hover eael-flipbox-fixed-height eael-flipbox-dynamic\">\n\n            <div class=\"eael-elements-flip-box-flip-card\">\n                <div class=\"eael-elements-flip-box-front-container\">\n                    \n                    \n                        <div class=\"eael-elements-slider-display-table\">\n                            <div class=\"eael-elements-flip-box-vertical-align\">\n                                <div class=\"eael-elements-flip-box-padding\">\n                                    <div class=\"eael-elements-flip-box-icon-image\">\n                                                                            <\/div>\n                                    <h3 class=\"eael-elements-flip-box-heading\">Exposiciones<\/h3>                                    <div class=\"eael-elements-flip-box-content\">\n\t                                                                        <\/div>\n                                <\/div>\n                            <\/div>\n                        <\/div>\n                                    <\/div>\n\n                <div class=\"eael-elements-flip-box-rear-container\">\n                                                                <div class=\"eael-elements-slider-display-table\">\n                            <div class=\"eael-elements-flip-box-vertical-align\">\n                                <div class=\"eael-elements-flip-box-padding\">\n                                                                                                            <h3 class=\"eael-elements-flip-box-heading\">Varias<\/h3>\n                                                                        <div class=\"eael-elements-flip-box-content\">\n                                                                            <\/div>\n\n                                                                    <\/div>\n                            <\/div>\n                        <\/div>\n                                    <\/div>\n            <\/div>\n        <\/div>\n        \t\t\t\t<\/div>\n\t\t\t\t<\/div>\n\t\t\t\t<\/div>\n\t\t<div data-particle_enable=\"false\" data-particle-mobile-disabled=\"false\" class=\"elementor-element elementor-element-9a98ee6 e-con-full animated-slow e-flex elementor-invisible e-con e-child\" data-id=\"9a98ee6\" data-element_type=\"container\" data-settings=\"{&quot;animation&quot;:&quot;fadeInRight&quot;}\">\n\t\t\t\t<div class=\"elementor-element elementor-element-5c535e5 eael-flipbox-content-align-center elementor-widget elementor-widget-eael-flip-box\" data-id=\"5c535e5\" data-element_type=\"widget\" data-widget_type=\"eael-flip-box.default\">\n\t\t\t\t<div class=\"elementor-widget-container\">\n\t\t\t\t\t        <div class=\"eael-elements-flip-box-container eael-animate-flip eael-animate-left eael-content eael-flip-box-hover eael-flipbox-fixed-height eael-flipbox-dynamic\">\n\n            <div class=\"eael-elements-flip-box-flip-card\">\n                <div class=\"eael-elements-flip-box-front-container\">\n                    \n                    \n                        <div class=\"eael-elements-slider-display-table\">\n                            <div class=\"eael-elements-flip-box-vertical-align\">\n                                <div class=\"eael-elements-flip-box-padding\">\n                                    <div class=\"eael-elements-flip-box-icon-image\">\n                                                                            <\/div>\n                                    <h3 class=\"eael-elements-flip-box-heading\">Prensa<\/h3>                                    <div class=\"eael-elements-flip-box-content\">\n\t                                                                        <\/div>\n                                <\/div>\n                            <\/div>\n                        <\/div>\n                                    <\/div>\n\n                <div class=\"eael-elements-flip-box-rear-container\">\n                                                                <div class=\"eael-elements-slider-display-table\">\n                            <div class=\"eael-elements-flip-box-vertical-align\">\n                                <div class=\"eael-elements-flip-box-padding\">\n                                                                                                            <h3 class=\"eael-elements-flip-box-heading\">Varias<\/h3>\n                                                                        <div class=\"eael-elements-flip-box-content\">\n                                                                            <\/div>\n\n                                                                    <\/div>\n                            <\/div>\n                        <\/div>\n                                    <\/div>\n            <\/div>\n        <\/div>\n        \t\t\t\t<\/div>\n\t\t\t\t<\/div>\n\t\t\t\t<\/div>\n\t\t<div data-particle_enable=\"false\" data-particle-mobile-disabled=\"false\" class=\"elementor-element elementor-element-2958a85 e-con-full e-flex e-con e-child\" data-id=\"2958a85\" data-element_type=\"container\">\n\t\t\t\t<\/div>\n\t\t\t\t\t<\/div>\n\t\t\t\t<\/div>\n\t\t\t\t<\/div>\n\t\t","protected":false},"excerpt":{"rendered":"<p>Dos dibujos \/Dos naves \/ La rueda Mi proyecto nace de una denominaci\u00f3n muy especial en la trayectoria del dibujo de Jenaro. En el momento de reconstruye las cientos de impresiones offset sobre las arcas. El los cort\u00f3, los cercena y los vuelve a unir en forma de collage, perfectamente adheridos artesanalmente, con una pulcritud [&hellip;]<\/p>\n","protected":false},"author":1,"featured_media":0,"parent":0,"menu_order":0,"comment_status":"closed","ping_status":"closed","template":"","meta":{"footnotes":""},"class_list":["post-28","page","type-page","status-publish","hentry"],"_links":{"self":[{"href":"https:\/\/naveazuldepindu.com\/index.php\/wp-json\/wp\/v2\/pages\/28","targetHints":{"allow":["GET"]}}],"collection":[{"href":"https:\/\/naveazuldepindu.com\/index.php\/wp-json\/wp\/v2\/pages"}],"about":[{"href":"https:\/\/naveazuldepindu.com\/index.php\/wp-json\/wp\/v2\/types\/page"}],"author":[{"embeddable":true,"href":"https:\/\/naveazuldepindu.com\/index.php\/wp-json\/wp\/v2\/users\/1"}],"replies":[{"embeddable":true,"href":"https:\/\/naveazuldepindu.com\/index.php\/wp-json\/wp\/v2\/comments?post=28"}],"version-history":[{"count":43,"href":"https:\/\/naveazuldepindu.com\/index.php\/wp-json\/wp\/v2\/pages\/28\/revisions"}],"predecessor-version":[{"id":15324,"href":"https:\/\/naveazuldepindu.com\/index.php\/wp-json\/wp\/v2\/pages\/28\/revisions\/15324"}],"wp:attachment":[{"href":"https:\/\/naveazuldepindu.com\/index.php\/wp-json\/wp\/v2\/media?parent=28"}],"curies":[{"name":"wp","href":"https:\/\/api.w.org\/{rel}","templated":true}]}}